{"id":17180,"date":"2024-02-04T00:00:31","date_gmt":"2024-02-03T23:00:31","guid":{"rendered":"https:\/\/web-pro-design.me\/404-2\/"},"modified":"2024-04-02T12:49:35","modified_gmt":"2024-04-02T10:49:35","slug":"site-not-found","status":"publish","type":"page","link":"https:\/\/diamaze.com\/fr\/site-not-found\/","title":{"rendered":"404"},"content":{"rendered":"\n<div style=\"height:20px\" aria-hidden=\"true\" class=\"wp-block-spacer\"><\/div>\n\n<div class=\"wp-block-columns are-vertically-aligned-top is-layout-flex wp-container-core-columns-is-layout-9d6595d7 wp-block-columns-is-layout-flex\">\n<div class=\"wp-block-column is-vertically-aligned-top is-layout-flow wp-block-column-is-layout-flow\" style=\"flex-basis:240px\"><div class=\"wp-block-image\">\n<figure class=\"aligncenter size-full is-resized\"><img decoding=\"async\" src=\"https:\/\/diamaze.com\/wp-content\/uploads\/admin-error-404-0800x0400-1.png\" alt=\"...\" class=\"wp-image-6515\" style=\"object-fit:cover;width:200px;height:100px\"\/><\/figure>\n<\/div>\n\n\n<div style=\"height:40px\" aria-hidden=\"true\" class=\"wp-block-spacer\"><\/div>\n<\/div>\n\n\n\n<div class=\"wp-block-column is-vertically-aligned-top is-layout-flow wp-block-column-is-layout-flow\">\n<p class=\"has-text-color\" style=\"color:#c50000\">D\u00c9SOL\u00c9, CETTE PAGE N&rsquo;EXISTE PAS.<\/p>\n\n\n\n<p>Raisons possibles :<\/p>\n\n\n\n<ul class=\"wp-block-list\">\n<li>Nous avons supprim\u00e9 ou d\u00e9plac\u00e9 cette page.<\/li>\n\n\n\n<li>Une erreur s&rsquo;est gliss\u00e9e lors de la saisie.<\/li>\n\n\n\n<li>Une partie a \u00e9t\u00e9 oubli\u00e9e lors de la copie de l&rsquo;URL.<\/li>\n<\/ul>\n\n\n<div class=\"su-divider su-divider-style-default\" style=\"margin:20px 0;border-width:1px;border-color:#C50000\"><\/div>\n<\/div>\n<\/div>\n","protected":false},"excerpt":{"rendered":"<p>404 Erreur \/ Error<\/p>\n","protected":false},"author":12,"featured_media":0,"parent":0,"menu_order":440,"comment_status":"closed","ping_status":"closed","template":"","meta":{"_seopress_robots_primary_cat":"","_seopress_titles_title":"404 %%sep%% %%sitetitle%%","_seopress_titles_desc":"","_seopress_robots_index":"","footnotes":""},"class_list":["post-17180","page","type-page","status-publish","czr-hentry"],"_links":{"self":[{"href":"https:\/\/diamaze.com\/fr\/wp-json\/wp\/v2\/pages\/17180","targetHints":{"allow":["GET"]}}],"collection":[{"href":"https:\/\/diamaze.com\/fr\/wp-json\/wp\/v2\/pages"}],"about":[{"href":"https:\/\/diamaze.com\/fr\/wp-json\/wp\/v2\/types\/page"}],"author":[{"embeddable":true,"href":"https:\/\/diamaze.com\/fr\/wp-json\/wp\/v2\/users\/12"}],"replies":[{"embeddable":true,"href":"https:\/\/diamaze.com\/fr\/wp-json\/wp\/v2\/comments?post=17180"}],"version-history":[{"count":3,"href":"https:\/\/diamaze.com\/fr\/wp-json\/wp\/v2\/pages\/17180\/revisions"}],"predecessor-version":[{"id":17183,"href":"https:\/\/diamaze.com\/fr\/wp-json\/wp\/v2\/pages\/17180\/revisions\/17183"}],"wp:attachment":[{"href":"https:\/\/diamaze.com\/fr\/wp-json\/wp\/v2\/media?parent=17180"}],"curies":[{"name":"wp","href":"https:\/\/api.w.org\/{rel}","templated":true}]}}