{"id":17139,"date":"2024-02-04T00:00:01","date_gmt":"2024-02-03T23:00:01","guid":{"rendered":"https:\/\/web-pro-design.me\/recherche-et-services\/"},"modified":"2024-04-02T08:51:34","modified_gmt":"2024-04-02T06:51:34","slug":"research-services","status":"publish","type":"page","link":"https:\/\/diamaze.com\/fr\/research-services\/","title":{"rendered":"Recherche et services"},"content":{"rendered":"\n<div style=\"height:20px\" aria-hidden=\"true\" class=\"wp-block-spacer\"><\/div>\n\n<div class=\"wp-block-cover is-light has-custom-content-position is-position-top-left has-white-color has-text-color\"><span aria-hidden=\"true\" class=\"wp-block-cover__background has-background-dim-20 has-background-dim\"><\/span><img loading=\"lazy\" decoding=\"async\" width=\"2400\" height=\"1200\" class=\"wp-block-cover__image-background wp-image-16417\" alt=\"...\" src=\"https:\/\/diamaze.com\/wp-content\/uploads\/diamaze.com-research-web-2400x1200-1.jpg\" style=\"object-position:40% 50%\" data-object-fit=\"cover\" data-object-position=\"40% 50%\" srcset=\"https:\/\/diamaze.com\/wp-content\/uploads\/diamaze.com-research-web-2400x1200-1.jpg 2400w, https:\/\/diamaze.com\/wp-content\/uploads\/diamaze.com-research-web-2400x1200-1-400x200.jpg 400w, https:\/\/diamaze.com\/wp-content\/uploads\/diamaze.com-research-web-2400x1200-1-1000x500.jpg 1000w, https:\/\/diamaze.com\/wp-content\/uploads\/diamaze.com-research-web-2400x1200-1-768x384.jpg 768w, https:\/\/diamaze.com\/wp-content\/uploads\/diamaze.com-research-web-2400x1200-1-1536x768.jpg 1536w, https:\/\/diamaze.com\/wp-content\/uploads\/diamaze.com-research-web-2400x1200-1-2048x1024.jpg 2048w, https:\/\/diamaze.com\/wp-content\/uploads\/diamaze.com-research-web-2400x1200-1-570x285.jpg 570w\" sizes=\"auto, (max-width: 2400px) 100vw, 2400px\" \/><div class=\"wp-block-cover__inner-container is-layout-constrained wp-block-cover-is-layout-constrained\">\n<h1 class=\"wp-block-heading has-white-color has-text-color has-link-color wp-elements-026f82118bd07334546492f1b920bace\"><mark style=\"background-color:rgba(0, 0, 0, 0)\" class=\"has-inline-color has-white-color\">Nous mettons en \u0153uvre vos id\u00e9es cr\u00e9atives avec notre technologie.<\/mark><\/h1>\n<\/div><\/div>\n\n<div style=\"height:20px\" aria-hidden=\"true\" class=\"wp-block-spacer\"><\/div>\n\n<div class=\"wp-block-columns are-vertically-aligned-top is-layout-flex wp-container-core-columns-is-layout-9d6595d7 wp-block-columns-is-layout-flex\">\n<div class=\"wp-block-column is-vertically-aligned-top is-layout-flow wp-block-column-is-layout-flow\">\n<h2 class=\"wp-block-heading has-medium-font-size\"><strong>D\u00e9veloppement et recherche sp\u00e9cifiques aux clients<\/strong><\/h2>\n\n\n\n<h2 class=\"wp-block-heading has-medium-font-size\"><strong>N&rsquo;h\u00e9sitez pas \u00e0 nous contacter !<\/strong><\/h2>\n\n\n\n<p class=\"has-medium-font-size\">Le d\u00e9veloppement de notre technologie permet de transformer les id\u00e9es et les prototypes en produits, pi\u00e8ces, composants et syst\u00e8mes commercialisables. <\/p>\n\n\n\n<p class=\"has-medium-font-size\">Outre le d\u00e9veloppement de ses propres id\u00e9es de produits, Diamaze Microtechnology SA propose \u00e0 des partenaires industriels des coop\u00e9rations sur mesure pour le d\u00e9veloppement commun de composants sp\u00e9cifiques aux clients, qui se distinguent en termes de fonctionnalit\u00e9, d&rsquo;efficacit\u00e9 et de long\u00e9vit\u00e9. Sur demande, nous les livrons \u00e9galement pr\u00eats \u00e0 \u00eatre install\u00e9s. Nos syst\u00e8mes d&rsquo;inhibition et nos microcomposants sont disponibles en <a href=\"https:\/\/diamaze.com\/fr\/variantes-de-produits\/\" data-type=\"link\" data-id=\"https:\/\/diamaze.com\/product-variants\/\">trois versions diff\u00e9rentes<\/a>. Selon le mod\u00e8le, ils sont enti\u00e8rement en diamant (All Diamond), en silicium rev\u00eatu de diamant (Diamond Coated Silicon) ou disposent d&rsquo;une couche de diamant d\u00e9corative (Decorative Diamond).<\/p>\n\n\n\n<p class=\"has-medium-font-size\">Vous avez une question g\u00e9n\u00e9rale sur nos produits ou sur la technologie que nous avons d\u00e9velopp\u00e9e ? Ou vous \u00eates \u00e0 la recherche d&rsquo;un partenaire industriel ou d&rsquo;un prestataire de services pour un probl\u00e8me sp\u00e9cifique ? Appelez-nous ou envoyez-nous un e-mail, nous essaierons de trouver ensemble une solution \u00e0 votre probl\u00e8me.<\/p>\n<\/div>\n\n\n\n<div class=\"wp-block-column is-vertically-aligned-top is-layout-flow wp-block-column-is-layout-flow\" style=\"flex-basis:400px\">\n<div style=\"height:40px\" aria-hidden=\"true\" class=\"wp-block-spacer\"><\/div>\n\n\n<div class=\"wp-block-image\">\n<figure data-wp-context=\"{&quot;imageId&quot;:&quot;69d44a395ba2f&quot;}\" data-wp-interactive=\"core\/image\" data-wp-key=\"69d44a395ba2f\" class=\"aligncenter size-full wp-lightbox-container\"><img loading=\"lazy\" decoding=\"async\" width=\"880\" height=\"600\" data-wp-class--hide=\"state.isContentHidden\" data-wp-class--show=\"state.isContentVisible\" data-wp-init=\"callbacks.setButtonStyles\" data-wp-on--click=\"actions.showLightbox\" data-wp-on--load=\"callbacks.setButtonStyles\" data-wp-on-window--resize=\"callbacks.setButtonStyles\" src=\"https:\/\/diamaze.com\/wp-content\/uploads\/research-microscope-01-0880x0600-1.jpg\" alt=\"...\" class=\"wp-image-16717\" srcset=\"https:\/\/diamaze.com\/wp-content\/uploads\/research-microscope-01-0880x0600-1.jpg 880w, https:\/\/diamaze.com\/wp-content\/uploads\/research-microscope-01-0880x0600-1-400x273.jpg 400w, https:\/\/diamaze.com\/wp-content\/uploads\/research-microscope-01-0880x0600-1-768x524.jpg 768w, https:\/\/diamaze.com\/wp-content\/uploads\/research-microscope-01-0880x0600-1-570x389.jpg 570w\" sizes=\"auto, (max-width: 880px) 100vw, 880px\" \/><button\n\t\t\tclass=\"lightbox-trigger\"\n\t\t\ttype=\"button\"\n\t\t\taria-haspopup=\"dialog\"\n\t\t\taria-label=\"Agrandir\"\n\t\t\tdata-wp-init=\"callbacks.initTriggerButton\"\n\t\t\tdata-wp-on--click=\"actions.showLightbox\"\n\t\t\tdata-wp-style--right=\"state.imageButtonRight\"\n\t\t\tdata-wp-style--top=\"state.imageButtonTop\"\n\t\t>\n\t\t\t<svg xmlns=\"http:\/\/www.w3.org\/2000\/svg\" width=\"12\" height=\"12\" fill=\"none\" viewBox=\"0 0 12 12\">\n\t\t\t\t<path fill=\"#fff\" d=\"M2 0a2 2 0 0 0-2 2v2h1.5V2a.5.5 0 0 1 .5-.5h2V0H2Zm2 10.5H2a.5.5 0 0 1-.5-.5V8H0v2a2 2 0 0 0 2 2h2v-1.5ZM8 12v-1.5h2a.5.5 0 0 0 .5-.5V8H12v2a2 2 0 0 1-2 2H8Zm2-12a2 2 0 0 1 2 2v2h-1.5V2a.5.5 0 0 0-.5-.5H8V0h2Z\" \/>\n\t\t\t<\/svg>\n\t\t<\/button><\/figure>\n<\/div>\n\n\n<div style=\"height:20px\" aria-hidden=\"true\" class=\"wp-block-spacer\"><\/div>\n\n\n<div class=\"wp-block-image\">\n<figure data-wp-context=\"{&quot;imageId&quot;:&quot;69d44a395ca11&quot;}\" data-wp-interactive=\"core\/image\" data-wp-key=\"69d44a395ca11\" class=\"aligncenter size-full wp-lightbox-container\"><img loading=\"lazy\" decoding=\"async\" width=\"880\" height=\"600\" data-wp-class--hide=\"state.isContentHidden\" data-wp-class--show=\"state.isContentVisible\" data-wp-init=\"callbacks.setButtonStyles\" data-wp-on--click=\"actions.showLightbox\" data-wp-on--load=\"callbacks.setButtonStyles\" data-wp-on-window--resize=\"callbacks.setButtonStyles\" src=\"https:\/\/diamaze.com\/wp-content\/uploads\/research-microscope-02-0880x0600-1.jpg\" alt=\"...\" class=\"wp-image-16716\" srcset=\"https:\/\/diamaze.com\/wp-content\/uploads\/research-microscope-02-0880x0600-1.jpg 880w, https:\/\/diamaze.com\/wp-content\/uploads\/research-microscope-02-0880x0600-1-400x273.jpg 400w, https:\/\/diamaze.com\/wp-content\/uploads\/research-microscope-02-0880x0600-1-768x524.jpg 768w, https:\/\/diamaze.com\/wp-content\/uploads\/research-microscope-02-0880x0600-1-570x389.jpg 570w\" sizes=\"auto, (max-width: 880px) 100vw, 880px\" \/><button\n\t\t\tclass=\"lightbox-trigger\"\n\t\t\ttype=\"button\"\n\t\t\taria-haspopup=\"dialog\"\n\t\t\taria-label=\"Agrandir\"\n\t\t\tdata-wp-init=\"callbacks.initTriggerButton\"\n\t\t\tdata-wp-on--click=\"actions.showLightbox\"\n\t\t\tdata-wp-style--right=\"state.imageButtonRight\"\n\t\t\tdata-wp-style--top=\"state.imageButtonTop\"\n\t\t>\n\t\t\t<svg xmlns=\"http:\/\/www.w3.org\/2000\/svg\" width=\"12\" height=\"12\" fill=\"none\" viewBox=\"0 0 12 12\">\n\t\t\t\t<path fill=\"#fff\" d=\"M2 0a2 2 0 0 0-2 2v2h1.5V2a.5.5 0 0 1 .5-.5h2V0H2Zm2 10.5H2a.5.5 0 0 1-.5-.5V8H0v2a2 2 0 0 0 2 2h2v-1.5ZM8 12v-1.5h2a.5.5 0 0 0 .5-.5V8H12v2a2 2 0 0 1-2 2H8Zm2-12a2 2 0 0 1 2 2v2h-1.5V2a.5.5 0 0 0-.5-.5H8V0h2Z\" \/>\n\t\t\t<\/svg>\n\t\t<\/button><\/figure>\n<\/div><\/div>\n<\/div>\n","protected":false},"excerpt":{"rendered":"<p>Recherche et services &#8211; contactez-nous ! Nous concr\u00e9tisons vos id\u00e9es cr\u00e9atives gr\u00e2ce \u00e0 notre technologie.<\/p>\n","protected":false},"author":12,"featured_media":0,"parent":0,"menu_order":50,"comment_status":"closed","ping_status":"closed","template":"","meta":{"_seopress_robots_primary_cat":"","_seopress_titles_title":"%%titre%% %%sep%% %%sitetitle%%","_seopress_titles_desc":"","_seopress_robots_index":"","footnotes":""},"class_list":["post-17139","page","type-page","status-publish","czr-hentry"],"_links":{"self":[{"href":"https:\/\/diamaze.com\/fr\/wp-json\/wp\/v2\/pages\/17139","targetHints":{"allow":["GET"]}}],"collection":[{"href":"https:\/\/diamaze.com\/fr\/wp-json\/wp\/v2\/pages"}],"about":[{"href":"https:\/\/diamaze.com\/fr\/wp-json\/wp\/v2\/types\/page"}],"author":[{"embeddable":true,"href":"https:\/\/diamaze.com\/fr\/wp-json\/wp\/v2\/users\/12"}],"replies":[{"embeddable":true,"href":"https:\/\/diamaze.com\/fr\/wp-json\/wp\/v2\/comments?post=17139"}],"version-history":[{"count":1,"href":"https:\/\/diamaze.com\/fr\/wp-json\/wp\/v2\/pages\/17139\/revisions"}],"predecessor-version":[{"id":17140,"href":"https:\/\/diamaze.com\/fr\/wp-json\/wp\/v2\/pages\/17139\/revisions\/17140"}],"wp:attachment":[{"href":"https:\/\/diamaze.com\/fr\/wp-json\/wp\/v2\/media?parent=17139"}],"curies":[{"name":"wp","href":"https:\/\/api.w.org\/{rel}","templated":true}]}}