{"id":17137,"date":"2024-02-04T00:00:43","date_gmt":"2024-02-03T23:00:43","guid":{"rendered":"https:\/\/web-pro-design.me\/variantes-de-produits\/"},"modified":"2024-04-02T08:51:24","modified_gmt":"2024-04-02T06:51:24","slug":"product-variants","status":"publish","type":"page","link":"https:\/\/diamaze.com\/fr\/product-variants\/","title":{"rendered":"Variantes de produits"},"content":{"rendered":"\n<div style=\"height:20px\" aria-hidden=\"true\" class=\"wp-block-spacer\"><\/div>\n\n\n<div class=\"su-animate\" style=\"opacity:0;-webkit-animation-duration:1s;-webkit-animation-delay:0s;animation-duration:1s;animation-delay:0s;\" data-animation=\"fadeInRightBig\" data-duration=\"1\" data-delay=\"0\">\n<h2>ALL DIAMOND (AD)<\/h2>\n<\/div>\n\n\n<div class=\"su-divider su-divider-style-default\" style=\"margin:0px 0;border-width:1px;border-color:#333333\"><\/div>\n\n\n\n<div style=\"height:20px\" aria-hidden=\"true\" id=\"AD\" class=\"wp-block-spacer\"><\/div>\n\n\n\n<div class=\"wp-block-columns is-layout-flex wp-container-core-columns-is-layout-9d6595d7 wp-block-columns-is-layout-flex\">\n<div class=\"wp-block-column is-layout-flow wp-block-column-is-layout-flow\"><div class=\"wp-block-image\">\n<figure data-wp-context=\"{&quot;imageId&quot;:&quot;69d44a0978981&quot;}\" data-wp-interactive=\"core\/image\" data-wp-key=\"69d44a0978981\" class=\"aligncenter size-full wp-lightbox-container\"><img loading=\"lazy\" decoding=\"async\" width=\"2000\" height=\"1500\" data-wp-class--hide=\"state.isContentHidden\" data-wp-class--show=\"state.isContentVisible\" data-wp-init=\"callbacks.setButtonStyles\" data-wp-on--click=\"actions.showLightbox\" data-wp-on--load=\"callbacks.setButtonStyles\" data-wp-on-window--resize=\"callbacks.setButtonStyles\" src=\"https:\/\/diamaze.com\/wp-content\/uploads\/diamaze.com-product-variant-ad-web-2000x1500-1.jpg\" alt=\"...\" class=\"wp-image-16404\" srcset=\"https:\/\/diamaze.com\/wp-content\/uploads\/diamaze.com-product-variant-ad-web-2000x1500-1.jpg 2000w, https:\/\/diamaze.com\/wp-content\/uploads\/diamaze.com-product-variant-ad-web-2000x1500-1-400x300.jpg 400w, https:\/\/diamaze.com\/wp-content\/uploads\/diamaze.com-product-variant-ad-web-2000x1500-1-1000x750.jpg 1000w, https:\/\/diamaze.com\/wp-content\/uploads\/diamaze.com-product-variant-ad-web-2000x1500-1-768x576.jpg 768w, https:\/\/diamaze.com\/wp-content\/uploads\/diamaze.com-product-variant-ad-web-2000x1500-1-1536x1152.jpg 1536w, https:\/\/diamaze.com\/wp-content\/uploads\/diamaze.com-product-variant-ad-web-2000x1500-1-570x428.jpg 570w\" sizes=\"auto, (max-width: 2000px) 100vw, 2000px\" \/><button\n\t\t\tclass=\"lightbox-trigger\"\n\t\t\ttype=\"button\"\n\t\t\taria-haspopup=\"dialog\"\n\t\t\taria-label=\"Agrandir\"\n\t\t\tdata-wp-init=\"callbacks.initTriggerButton\"\n\t\t\tdata-wp-on--click=\"actions.showLightbox\"\n\t\t\tdata-wp-style--right=\"state.imageButtonRight\"\n\t\t\tdata-wp-style--top=\"state.imageButtonTop\"\n\t\t>\n\t\t\t<svg xmlns=\"http:\/\/www.w3.org\/2000\/svg\" width=\"12\" height=\"12\" fill=\"none\" viewBox=\"0 0 12 12\">\n\t\t\t\t<path fill=\"#fff\" d=\"M2 0a2 2 0 0 0-2 2v2h1.5V2a.5.5 0 0 1 .5-.5h2V0H2Zm2 10.5H2a.5.5 0 0 1-.5-.5V8H0v2a2 2 0 0 0 2 2h2v-1.5ZM8 12v-1.5h2a.5.5 0 0 0 .5-.5V8H12v2a2 2 0 0 1-2 2H8Zm2-12a2 2 0 0 1 2 2v2h-1.5V2a.5.5 0 0 0-.5-.5H8V0h2Z\" \/>\n\t\t\t<\/svg>\n\t\t<\/button><\/figure>\n<\/div><\/div>\n\n\n\n<div class=\"wp-block-column is-layout-flow wp-block-column-is-layout-flow\">\n<p style=\"font-size:22px\"><strong> Composants enti\u00e8rement en diamant: 100% en diamant!<\/strong><\/p>\n\n\n\n<p class=\"has-medium-font-size\">Les microcomposants en diamant allient valeur et fonctionnalit\u00e9. L\u2019utilisation du mat\u00e9riau le plus dur au monde ouvre de toutes nouvelles fonctionnalit\u00e9s et possibilit\u00e9s de cr\u00e9ation pour toute une s\u00e9rie de composants. C\u2019est notamment le cas dans l\u2019industrie horlog\u00e8re. En raison de ses excellentes propri\u00e9t\u00e9s, le diamant permet de fabriquer des composants \u00e0 la fois tr\u00e8s l\u00e9gers et extr\u00eamement r\u00e9sistants. Les composants en diamant se distinguent entre autres par leur esth\u00e9tique fonctionnelle, l\u2019absence d\u2019usure et leurs remarquables propri\u00e9t\u00e9s de frottement.<\/p>\n<\/div>\n<\/div>\n\n\n\n<div style=\"height:40px\" aria-hidden=\"true\" class=\"wp-block-spacer\"><\/div>\n\n\n<div class=\"su-animate\" style=\"opacity:0;-webkit-animation-duration:1s;-webkit-animation-delay:0s;animation-duration:1s;animation-delay:0s;\" data-animation=\"fadeInRightBig\" data-duration=\"1\" data-delay=\"0\">\n<h2>DIAMOND COATED SILICON (DCS)<\/h2>\n<\/div>\n\n\n<div class=\"su-divider su-divider-style-default\" style=\"margin:0px 0;border-width:1px;border-color:#333333\"><\/div>\n\n\n\n<div style=\"height:20px\" aria-hidden=\"true\" id=\"DCS\" class=\"wp-block-spacer\"><\/div>\n\n\n\n<div class=\"wp-block-columns is-layout-flex wp-container-core-columns-is-layout-9d6595d7 wp-block-columns-is-layout-flex\">\n<div class=\"wp-block-column is-layout-flow wp-block-column-is-layout-flow\"><div class=\"wp-block-image\">\n<figure data-wp-context=\"{&quot;imageId&quot;:&quot;69d44a097a305&quot;}\" data-wp-interactive=\"core\/image\" data-wp-key=\"69d44a097a305\" class=\"aligncenter size-full wp-lightbox-container\"><img loading=\"lazy\" decoding=\"async\" width=\"2000\" height=\"1500\" data-wp-class--hide=\"state.isContentHidden\" data-wp-class--show=\"state.isContentVisible\" data-wp-init=\"callbacks.setButtonStyles\" data-wp-on--click=\"actions.showLightbox\" data-wp-on--load=\"callbacks.setButtonStyles\" data-wp-on-window--resize=\"callbacks.setButtonStyles\" src=\"https:\/\/diamaze.com\/wp-content\/uploads\/diamaze.com-product-variant-dcs-web-2000x1500-1.jpg\" alt=\"...\" class=\"wp-image-16403\" srcset=\"https:\/\/diamaze.com\/wp-content\/uploads\/diamaze.com-product-variant-dcs-web-2000x1500-1.jpg 2000w, https:\/\/diamaze.com\/wp-content\/uploads\/diamaze.com-product-variant-dcs-web-2000x1500-1-400x300.jpg 400w, https:\/\/diamaze.com\/wp-content\/uploads\/diamaze.com-product-variant-dcs-web-2000x1500-1-1000x750.jpg 1000w, https:\/\/diamaze.com\/wp-content\/uploads\/diamaze.com-product-variant-dcs-web-2000x1500-1-768x576.jpg 768w, https:\/\/diamaze.com\/wp-content\/uploads\/diamaze.com-product-variant-dcs-web-2000x1500-1-1536x1152.jpg 1536w, https:\/\/diamaze.com\/wp-content\/uploads\/diamaze.com-product-variant-dcs-web-2000x1500-1-570x428.jpg 570w\" sizes=\"auto, (max-width: 2000px) 100vw, 2000px\" \/><button\n\t\t\tclass=\"lightbox-trigger\"\n\t\t\ttype=\"button\"\n\t\t\taria-haspopup=\"dialog\"\n\t\t\taria-label=\"Agrandir\"\n\t\t\tdata-wp-init=\"callbacks.initTriggerButton\"\n\t\t\tdata-wp-on--click=\"actions.showLightbox\"\n\t\t\tdata-wp-style--right=\"state.imageButtonRight\"\n\t\t\tdata-wp-style--top=\"state.imageButtonTop\"\n\t\t>\n\t\t\t<svg xmlns=\"http:\/\/www.w3.org\/2000\/svg\" width=\"12\" height=\"12\" fill=\"none\" viewBox=\"0 0 12 12\">\n\t\t\t\t<path fill=\"#fff\" d=\"M2 0a2 2 0 0 0-2 2v2h1.5V2a.5.5 0 0 1 .5-.5h2V0H2Zm2 10.5H2a.5.5 0 0 1-.5-.5V8H0v2a2 2 0 0 0 2 2h2v-1.5ZM8 12v-1.5h2a.5.5 0 0 0 .5-.5V8H12v2a2 2 0 0 1-2 2H8Zm2-12a2 2 0 0 1 2 2v2h-1.5V2a.5.5 0 0 0-.5-.5H8V0h2Z\" \/>\n\t\t\t<\/svg>\n\t\t<\/button><\/figure>\n<\/div><\/div>\n\n\n\n<div class=\"wp-block-column is-layout-flow wp-block-column-is-layout-flow\">\n<p style=\"font-size:22px\"><strong> Composants en silicium recouverts d\u2019une couche de diamant: une innovation!<\/strong><\/p>\n\n\n\n<p class=\"has-medium-font-size\">Le d\u00e9p\u00f4t d\u2019une couche de diamant sur des pi\u00e8ces en silicium permet de combiner les avantages des deux mat\u00e9riaux. Le silicium est l\u00e9ger. Il peut \u00eatre travaill\u00e9 de mani\u00e8re tr\u00e8s pr\u00e9cise et reproductible avec des proc\u00e9d\u00e9s chimiques et servir ainsi de substrat pour cr\u00e9er la forme. La stabilit\u00e9, la fonctionnalit\u00e9 et la long\u00e9vit\u00e9 in\u00e9gal\u00e9es du composant sont obtenues par une fine couche de diamant tridimensionnelle. Il en r\u00e9sulte des composants sans usure, dont la production de s\u00e9rie est avantageuse.<\/p>\n<\/div>\n<\/div>\n\n\n\n<div style=\"height:40px\" aria-hidden=\"true\" class=\"wp-block-spacer\"><\/div>\n\n\n<div class=\"su-animate\" style=\"opacity:0;-webkit-animation-duration:1s;-webkit-animation-delay:0s;animation-duration:1s;animation-delay:0s;\" data-animation=\"fadeInRightBig\" data-duration=\"1\" data-delay=\"0\">\n<h2>DECORATIVE DIAMOND (DD)<\/h2>\n<\/div>\n\n\n<div class=\"su-divider su-divider-style-default\" style=\"margin:0px 0;border-width:1px;border-color:#333333\"><\/div>\n\n\n\n<div style=\"height:20px\" aria-hidden=\"true\" id=\"DD\" class=\"wp-block-spacer\"><\/div>\n\n\n\n<div class=\"wp-block-columns is-layout-flex wp-container-core-columns-is-layout-9d6595d7 wp-block-columns-is-layout-flex\">\n<div class=\"wp-block-column is-layout-flow wp-block-column-is-layout-flow\"><div class=\"wp-block-image\">\n<figure data-wp-context=\"{&quot;imageId&quot;:&quot;69d44a097b75e&quot;}\" data-wp-interactive=\"core\/image\" data-wp-key=\"69d44a097b75e\" class=\"aligncenter size-full wp-lightbox-container\"><img loading=\"lazy\" decoding=\"async\" width=\"2000\" height=\"1500\" data-wp-class--hide=\"state.isContentHidden\" data-wp-class--show=\"state.isContentVisible\" data-wp-init=\"callbacks.setButtonStyles\" data-wp-on--click=\"actions.showLightbox\" data-wp-on--load=\"callbacks.setButtonStyles\" data-wp-on-window--resize=\"callbacks.setButtonStyles\" src=\"https:\/\/diamaze.com\/wp-content\/uploads\/diamaze.com-product-variant-dd-web-2000x1500-1.jpg\" alt=\"...\" class=\"wp-image-16402\" srcset=\"https:\/\/diamaze.com\/wp-content\/uploads\/diamaze.com-product-variant-dd-web-2000x1500-1.jpg 2000w, https:\/\/diamaze.com\/wp-content\/uploads\/diamaze.com-product-variant-dd-web-2000x1500-1-400x300.jpg 400w, https:\/\/diamaze.com\/wp-content\/uploads\/diamaze.com-product-variant-dd-web-2000x1500-1-1000x750.jpg 1000w, https:\/\/diamaze.com\/wp-content\/uploads\/diamaze.com-product-variant-dd-web-2000x1500-1-768x576.jpg 768w, https:\/\/diamaze.com\/wp-content\/uploads\/diamaze.com-product-variant-dd-web-2000x1500-1-1536x1152.jpg 1536w, https:\/\/diamaze.com\/wp-content\/uploads\/diamaze.com-product-variant-dd-web-2000x1500-1-570x428.jpg 570w\" sizes=\"auto, (max-width: 2000px) 100vw, 2000px\" \/><button\n\t\t\tclass=\"lightbox-trigger\"\n\t\t\ttype=\"button\"\n\t\t\taria-haspopup=\"dialog\"\n\t\t\taria-label=\"Agrandir\"\n\t\t\tdata-wp-init=\"callbacks.initTriggerButton\"\n\t\t\tdata-wp-on--click=\"actions.showLightbox\"\n\t\t\tdata-wp-style--right=\"state.imageButtonRight\"\n\t\t\tdata-wp-style--top=\"state.imageButtonTop\"\n\t\t>\n\t\t\t<svg xmlns=\"http:\/\/www.w3.org\/2000\/svg\" width=\"12\" height=\"12\" fill=\"none\" viewBox=\"0 0 12 12\">\n\t\t\t\t<path fill=\"#fff\" d=\"M2 0a2 2 0 0 0-2 2v2h1.5V2a.5.5 0 0 1 .5-.5h2V0H2Zm2 10.5H2a.5.5 0 0 1-.5-.5V8H0v2a2 2 0 0 0 2 2h2v-1.5ZM8 12v-1.5h2a.5.5 0 0 0 .5-.5V8H12v2a2 2 0 0 1-2 2H8Zm2-12a2 2 0 0 1 2 2v2h-1.5V2a.5.5 0 0 0-.5-.5H8V0h2Z\" \/>\n\t\t\t<\/svg>\n\t\t<\/button><\/figure>\n<\/div><\/div>\n\n\n\n<div class=\"wp-block-column is-layout-flow wp-block-column-is-layout-flow\">\n<p style=\"font-size:22px\"><strong> Plaques de diamant d\u00e9coratives \u2013 un fa\u00e7onnage de premier choix <\/strong><\/p>\n\n\n\n<p class=\"has-medium-font-size\">Les plaques de diamant d\u00e9coratives sont synth\u00e9tis\u00e9es \u00e0 des temp\u00e9ratures comprises entre 700 et 900 \u00b0C, \u00e0 partir de gaz comme le m\u00e9thane et l\u2019hydrog\u00e8ne. Dans ces conditions, des millions de cristaux de diamant se soudent pour former une plaque brillante. L\u2019aspect et la couleur \u00e9voluent en fonction de l\u2019incidence de la lumi\u00e8re et de la puret\u00e9. Le diamant d\u00e9coratif est \u00e9galement int\u00e9ressant pour l\u2019industrie joaill\u00e8re, puisqu\u2019il peut \u00eatre taill\u00e9 dans n\u2019importe quelle forme bidimensionnelle.<\/p>\n<\/div>\n<\/div>\n\n\n\n<div style=\"height:40px\" aria-hidden=\"true\" class=\"wp-block-spacer\"><\/div>\n","protected":false},"excerpt":{"rendered":"<p>Variantes de produits : ALL DIAMOND (AD), DIAMOND COATED SILICON (DCS), DECORATIVE DIAMOND (DD)<\/p>\n","protected":false},"author":12,"featured_media":0,"parent":0,"menu_order":40,"comment_status":"closed","ping_status":"closed","template":"","meta":{"_seopress_robots_primary_cat":"","_seopress_titles_title":"%%titre%% %%sep%% %%sitetitle%%","_seopress_titles_desc":"","_seopress_robots_index":"","footnotes":""},"class_list":["post-17137","page","type-page","status-publish","czr-hentry"],"_links":{"self":[{"href":"https:\/\/diamaze.com\/fr\/wp-json\/wp\/v2\/pages\/17137","targetHints":{"allow":["GET"]}}],"collection":[{"href":"https:\/\/diamaze.com\/fr\/wp-json\/wp\/v2\/pages"}],"about":[{"href":"https:\/\/diamaze.com\/fr\/wp-json\/wp\/v2\/types\/page"}],"author":[{"embeddable":true,"href":"https:\/\/diamaze.com\/fr\/wp-json\/wp\/v2\/users\/12"}],"replies":[{"embeddable":true,"href":"https:\/\/diamaze.com\/fr\/wp-json\/wp\/v2\/comments?post=17137"}],"version-history":[{"count":3,"href":"https:\/\/diamaze.com\/fr\/wp-json\/wp\/v2\/pages\/17137\/revisions"}],"predecessor-version":[{"id":17146,"href":"https:\/\/diamaze.com\/fr\/wp-json\/wp\/v2\/pages\/17137\/revisions\/17146"}],"wp:attachment":[{"href":"https:\/\/diamaze.com\/fr\/wp-json\/wp\/v2\/media?parent=17137"}],"curies":[{"name":"wp","href":"https:\/\/api.w.org\/{rel}","templated":true}]}}