{"id":17135,"date":"2024-02-04T00:00:13","date_gmt":"2024-02-03T23:00:13","guid":{"rendered":"https:\/\/web-pro-design.me\/entreprise\/"},"modified":"2024-04-02T08:51:11","modified_gmt":"2024-04-02T06:51:11","slug":"company","status":"publish","type":"page","link":"https:\/\/diamaze.com\/fr\/company\/","title":{"rendered":"\u00c0 propos de nous"},"content":{"rendered":"\n<div style=\"height:20px\" aria-hidden=\"true\" class=\"wp-block-spacer\"><\/div>\n\n\n\n<div class=\"wp-block-columns is-layout-flex wp-container-core-columns-is-layout-9d6595d7 wp-block-columns-is-layout-flex\">\n<div class=\"wp-block-column is-layout-flow wp-block-column-is-layout-flow\">\n<div style=\"height:20px\" aria-hidden=\"true\" class=\"wp-block-spacer\"><\/div>\n\n\n<div class=\"wp-block-image\">\n<figure data-wp-context=\"{&quot;imageId&quot;:&quot;69f1c146cb4e7&quot;}\" data-wp-interactive=\"core\/image\" data-wp-key=\"69f1c146cb4e7\" class=\"aligncenter size-full wp-lightbox-container\"><img loading=\"lazy\" decoding=\"async\" width=\"2400\" height=\"1200\" data-wp-class--hide=\"state.isContentHidden\" data-wp-class--show=\"state.isContentVisible\" data-wp-init=\"callbacks.setButtonStyles\" data-wp-on--click=\"actions.showLightbox\" data-wp-on--load=\"callbacks.setButtonStyles\" data-wp-on-window--resize=\"callbacks.setButtonStyles\" src=\"https:\/\/diamaze.com\/wp-content\/uploads\/diamaze.com-home-01-web-2400x1200-1.jpg\" alt=\"...\" class=\"wp-image-16384\" srcset=\"https:\/\/diamaze.com\/wp-content\/uploads\/diamaze.com-home-01-web-2400x1200-1.jpg 2400w, https:\/\/diamaze.com\/wp-content\/uploads\/diamaze.com-home-01-web-2400x1200-1-400x200.jpg 400w, https:\/\/diamaze.com\/wp-content\/uploads\/diamaze.com-home-01-web-2400x1200-1-1000x500.jpg 1000w, https:\/\/diamaze.com\/wp-content\/uploads\/diamaze.com-home-01-web-2400x1200-1-768x384.jpg 768w, https:\/\/diamaze.com\/wp-content\/uploads\/diamaze.com-home-01-web-2400x1200-1-1536x768.jpg 1536w, https:\/\/diamaze.com\/wp-content\/uploads\/diamaze.com-home-01-web-2400x1200-1-2048x1024.jpg 2048w, https:\/\/diamaze.com\/wp-content\/uploads\/diamaze.com-home-01-web-2400x1200-1-570x285.jpg 570w\" sizes=\"auto, (max-width: 2400px) 100vw, 2400px\" \/><button\n\t\t\tclass=\"lightbox-trigger\"\n\t\t\ttype=\"button\"\n\t\t\taria-haspopup=\"dialog\"\n\t\t\taria-label=\"Agrandir\"\n\t\t\tdata-wp-init=\"callbacks.initTriggerButton\"\n\t\t\tdata-wp-on--click=\"actions.showLightbox\"\n\t\t\tdata-wp-style--right=\"state.imageButtonRight\"\n\t\t\tdata-wp-style--top=\"state.imageButtonTop\"\n\t\t>\n\t\t\t<svg xmlns=\"http:\/\/www.w3.org\/2000\/svg\" width=\"12\" height=\"12\" fill=\"none\" viewBox=\"0 0 12 12\">\n\t\t\t\t<path fill=\"#fff\" d=\"M2 0a2 2 0 0 0-2 2v2h1.5V2a.5.5 0 0 1 .5-.5h2V0H2Zm2 10.5H2a.5.5 0 0 1-.5-.5V8H0v2a2 2 0 0 0 2 2h2v-1.5ZM8 12v-1.5h2a.5.5 0 0 0 .5-.5V8H12v2a2 2 0 0 1-2 2H8Zm2-12a2 2 0 0 1 2 2v2h-1.5V2a.5.5 0 0 0-.5-.5H8V0h2Z\" \/>\n\t\t\t<\/svg>\n\t\t<\/button><\/figure>\n<\/div><\/div>\n\n\n\n<div class=\"wp-block-column is-layout-flow wp-block-column-is-layout-flow\">\n<h2 class=\"wp-block-heading\"><strong>Microcomposants diamant\u00e9s<\/strong><\/h2>\n\n\n\n<p class=\"has-medium-font-size\">Diamaze Microtechnology SA a \u00e9t\u00e9 cr\u00e9\u00e9e en 2008. Elle est ind\u00e9pendante et en propri\u00e9t\u00e9 priv\u00e9e et est une filiale suisse de la soci\u00e9t\u00e9 GFD Gesellschaft f\u00fcr Diamantprodukte mbH. Le si\u00e8ge de la soci\u00e9t\u00e9 est en Suisse, \u00e0 Neuch\u00e2tel, au c\u0153ur du Jura, centre de l\u2019industrie horlog\u00e8re. C\u2019est l\u00e0 que nos produits sont fa\u00e7onn\u00e9s. Nous fabriquons des syst\u00e8mes d\u2019\u00e9chappement et des microcomposants en diamant utilis\u00e9s uniquement dans des montres d\u2019exception.<\/p>\n<\/div>\n<\/div>\n\n\n\n<div class=\"wp-block-columns is-layout-flex wp-container-core-columns-is-layout-9d6595d7 wp-block-columns-is-layout-flex\">\n<div class=\"wp-block-column is-layout-flow wp-block-column-is-layout-flow\">\n<h2 class=\"wp-block-heading\"><strong>Au pays des horlogers<\/strong><\/h2>\n\n\n\n<p class=\"has-medium-font-size\">Nous sommes les leaders du fa\u00e7onnage ultrapr\u00e9cis du diamant, pour lequel nous utilisons des proc\u00e9d\u00e9s microtechnologiques sp\u00e9ciaux. Les technologies et les proc\u00e9d\u00e9s que nous avons \u00e9labor\u00e9s permettent pour la premi\u00e8re fois de fa\u00e7onner parfaitement des composants de montres m\u00eame extr\u00eamement petits en diamant. Des composants complexes peuvent ainsi \u00eatre angl\u00e9s et d\u00e9cor\u00e9s.<\/p>\n<\/div>\n\n\n\n<div class=\"wp-block-column is-layout-flow wp-block-column-is-layout-flow\">\n<div style=\"height:20px\" aria-hidden=\"true\" class=\"wp-block-spacer\"><\/div>\n\n\n<div class=\"wp-block-image\">\n<figure data-wp-context=\"{&quot;imageId&quot;:&quot;69f1c146cd089&quot;}\" data-wp-interactive=\"core\/image\" data-wp-key=\"69f1c146cd089\" class=\"aligncenter size-full wp-lightbox-container\"><img loading=\"lazy\" decoding=\"async\" width=\"2400\" height=\"1200\" data-wp-class--hide=\"state.isContentHidden\" data-wp-class--show=\"state.isContentVisible\" data-wp-init=\"callbacks.setButtonStyles\" data-wp-on--click=\"actions.showLightbox\" data-wp-on--load=\"callbacks.setButtonStyles\" data-wp-on-window--resize=\"callbacks.setButtonStyles\" src=\"https:\/\/diamaze.com\/wp-content\/uploads\/diamaze.com-home-02-web-v2-2400x1200-1.jpg\" alt=\"...\" class=\"wp-image-16385\" srcset=\"https:\/\/diamaze.com\/wp-content\/uploads\/diamaze.com-home-02-web-v2-2400x1200-1.jpg 2400w, https:\/\/diamaze.com\/wp-content\/uploads\/diamaze.com-home-02-web-v2-2400x1200-1-400x200.jpg 400w, https:\/\/diamaze.com\/wp-content\/uploads\/diamaze.com-home-02-web-v2-2400x1200-1-1000x500.jpg 1000w, https:\/\/diamaze.com\/wp-content\/uploads\/diamaze.com-home-02-web-v2-2400x1200-1-768x384.jpg 768w, https:\/\/diamaze.com\/wp-content\/uploads\/diamaze.com-home-02-web-v2-2400x1200-1-1536x768.jpg 1536w, https:\/\/diamaze.com\/wp-content\/uploads\/diamaze.com-home-02-web-v2-2400x1200-1-2048x1024.jpg 2048w, https:\/\/diamaze.com\/wp-content\/uploads\/diamaze.com-home-02-web-v2-2400x1200-1-570x285.jpg 570w\" sizes=\"auto, (max-width: 2400px) 100vw, 2400px\" \/><button\n\t\t\tclass=\"lightbox-trigger\"\n\t\t\ttype=\"button\"\n\t\t\taria-haspopup=\"dialog\"\n\t\t\taria-label=\"Agrandir\"\n\t\t\tdata-wp-init=\"callbacks.initTriggerButton\"\n\t\t\tdata-wp-on--click=\"actions.showLightbox\"\n\t\t\tdata-wp-style--right=\"state.imageButtonRight\"\n\t\t\tdata-wp-style--top=\"state.imageButtonTop\"\n\t\t>\n\t\t\t<svg xmlns=\"http:\/\/www.w3.org\/2000\/svg\" width=\"12\" height=\"12\" fill=\"none\" viewBox=\"0 0 12 12\">\n\t\t\t\t<path fill=\"#fff\" d=\"M2 0a2 2 0 0 0-2 2v2h1.5V2a.5.5 0 0 1 .5-.5h2V0H2Zm2 10.5H2a.5.5 0 0 1-.5-.5V8H0v2a2 2 0 0 0 2 2h2v-1.5ZM8 12v-1.5h2a.5.5 0 0 0 .5-.5V8H12v2a2 2 0 0 1-2 2H8Zm2-12a2 2 0 0 1 2 2v2h-1.5V2a.5.5 0 0 0-.5-.5H8V0h2Z\" \/>\n\t\t\t<\/svg>\n\t\t<\/button><\/figure>\n<\/div><\/div>\n<\/div>\n","protected":false},"excerpt":{"rendered":"<p>Diamaze Microtechnology SA &#8211; Microcomposants, au pays des horlogers.<\/p>\n","protected":false},"author":12,"featured_media":0,"parent":0,"menu_order":20,"comment_status":"closed","ping_status":"closed","template":"","meta":{"_seopress_robots_primary_cat":"","_seopress_titles_title":"%%titre%% %%sep%% %%sitetitle%%","_seopress_titles_desc":"","_seopress_robots_index":"","footnotes":""},"class_list":["post-17135","page","type-page","status-publish","czr-hentry"],"_links":{"self":[{"href":"https:\/\/diamaze.com\/fr\/wp-json\/wp\/v2\/pages\/17135","targetHints":{"allow":["GET"]}}],"collection":[{"href":"https:\/\/diamaze.com\/fr\/wp-json\/wp\/v2\/pages"}],"about":[{"href":"https:\/\/diamaze.com\/fr\/wp-json\/wp\/v2\/types\/page"}],"author":[{"embeddable":true,"href":"https:\/\/diamaze.com\/fr\/wp-json\/wp\/v2\/users\/12"}],"replies":[{"embeddable":true,"href":"https:\/\/diamaze.com\/fr\/wp-json\/wp\/v2\/comments?post=17135"}],"version-history":[{"count":2,"href":"https:\/\/diamaze.com\/fr\/wp-json\/wp\/v2\/pages\/17135\/revisions"}],"predecessor-version":[{"id":17142,"href":"https:\/\/diamaze.com\/fr\/wp-json\/wp\/v2\/pages\/17135\/revisions\/17142"}],"wp:attachment":[{"href":"https:\/\/diamaze.com\/fr\/wp-json\/wp\/v2\/media?parent=17135"}],"curies":[{"name":"wp","href":"https:\/\/api.w.org\/{rel}","templated":true}]}}