{"id":17128,"date":"2024-02-04T00:00:46","date_gmt":"2024-02-03T23:00:46","guid":{"rendered":"https:\/\/web-pro-design.me\/inhibitions\/"},"modified":"2024-04-02T08:51:17","modified_gmt":"2024-04-02T06:51:17","slug":"escapements","status":"publish","type":"page","link":"https:\/\/diamaze.com\/fr\/escapements\/","title":{"rendered":"\u00c9chappements"},"content":{"rendered":"\n<div style=\"height:20px\" aria-hidden=\"true\" class=\"wp-block-spacer\"><\/div>\n\n\n\n<div class=\"wp-block-columns is-layout-flex wp-container-core-columns-is-layout-9d6595d7 wp-block-columns-is-layout-flex\">\n<div class=\"wp-block-column is-layout-flow wp-block-column-is-layout-flow\">\n<div style=\"height:20px\" aria-hidden=\"true\" class=\"wp-block-spacer\"><\/div>\n\n\n<div class=\"wp-block-image\">\n<figure data-wp-context=\"{&quot;imageId&quot;:&quot;69d4609fe0dda&quot;}\" data-wp-interactive=\"core\/image\" data-wp-key=\"69d4609fe0dda\" class=\"aligncenter size-full wp-lightbox-container\"><img loading=\"lazy\" decoding=\"async\" width=\"2400\" height=\"1200\" data-wp-class--hide=\"state.isContentHidden\" data-wp-class--show=\"state.isContentVisible\" data-wp-init=\"callbacks.setButtonStyles\" data-wp-on--click=\"actions.showLightbox\" data-wp-on--load=\"callbacks.setButtonStyles\" data-wp-on-window--resize=\"callbacks.setButtonStyles\" src=\"https:\/\/diamaze.com\/wp-content\/uploads\/diamaze.com-home-03-web-2400x1200-1.jpg\" alt=\"...\" class=\"wp-image-16382\" srcset=\"https:\/\/diamaze.com\/wp-content\/uploads\/diamaze.com-home-03-web-2400x1200-1.jpg 2400w, https:\/\/diamaze.com\/wp-content\/uploads\/diamaze.com-home-03-web-2400x1200-1-400x200.jpg 400w, https:\/\/diamaze.com\/wp-content\/uploads\/diamaze.com-home-03-web-2400x1200-1-1000x500.jpg 1000w, https:\/\/diamaze.com\/wp-content\/uploads\/diamaze.com-home-03-web-2400x1200-1-768x384.jpg 768w, https:\/\/diamaze.com\/wp-content\/uploads\/diamaze.com-home-03-web-2400x1200-1-1536x768.jpg 1536w, https:\/\/diamaze.com\/wp-content\/uploads\/diamaze.com-home-03-web-2400x1200-1-2048x1024.jpg 2048w, https:\/\/diamaze.com\/wp-content\/uploads\/diamaze.com-home-03-web-2400x1200-1-570x285.jpg 570w\" sizes=\"auto, (max-width: 2400px) 100vw, 2400px\" \/><button\n\t\t\tclass=\"lightbox-trigger\"\n\t\t\ttype=\"button\"\n\t\t\taria-haspopup=\"dialog\"\n\t\t\taria-label=\"Agrandir\"\n\t\t\tdata-wp-init=\"callbacks.initTriggerButton\"\n\t\t\tdata-wp-on--click=\"actions.showLightbox\"\n\t\t\tdata-wp-style--right=\"state.imageButtonRight\"\n\t\t\tdata-wp-style--top=\"state.imageButtonTop\"\n\t\t>\n\t\t\t<svg xmlns=\"http:\/\/www.w3.org\/2000\/svg\" width=\"12\" height=\"12\" fill=\"none\" viewBox=\"0 0 12 12\">\n\t\t\t\t<path fill=\"#fff\" d=\"M2 0a2 2 0 0 0-2 2v2h1.5V2a.5.5 0 0 1 .5-.5h2V0H2Zm2 10.5H2a.5.5 0 0 1-.5-.5V8H0v2a2 2 0 0 0 2 2h2v-1.5ZM8 12v-1.5h2a.5.5 0 0 0 .5-.5V8H12v2a2 2 0 0 1-2 2H8Zm2-12a2 2 0 0 1 2 2v2h-1.5V2a.5.5 0 0 0-.5-.5H8V0h2Z\" \/>\n\t\t\t<\/svg>\n\t\t<\/button><\/figure>\n<\/div><\/div>\n\n\n\n<div class=\"wp-block-column is-layout-flow wp-block-column-is-layout-flow\">\n<h2 class=\"wp-block-heading\"><strong>Pr\u00e9cision extr\u00eame<\/strong><\/h2>\n\n\n\n<p class=\"has-medium-font-size\">En \u00e9troite collaboration avec nos clients, nous d\u00e9veloppons et fabriquons des syst\u00e8mes d\u2019\u00e9chappement innovants qui se distinguent par leur fonctionnalit\u00e9, leur efficacit\u00e9 et leur long\u00e9vit\u00e9. Sur demande, nous les fournissons pr\u00eats pour le montage sur des axes sp\u00e9cifiques au client. Les \u00e9chappements en diamant pr\u00e9sentent l\u2019avantage, en raison des propri\u00e9t\u00e9s physiques du diamant, d\u2019avoir un meilleur isochronisme et une efficience sup\u00e9rieure. Nous produisons tous les syst\u00e8mes d\u2019\u00e9chappement courants (pointages 20.2, 20.3 et 20.4).<\/p>\n<\/div>\n<\/div>\n\n\n\n<div class=\"wp-block-columns is-layout-flex wp-container-core-columns-is-layout-9d6595d7 wp-block-columns-is-layout-flex\">\n<div class=\"wp-block-column is-layout-flow wp-block-column-is-layout-flow\">\n<p class=\"has-medium-font-size\">Nous proposons nos syst\u00e8mes d\u2019\u00e9chappement et microcomposants dans deux variantes diff\u00e9rentes. Selon leur r\u00e9alisation, ils sont en silicium recouvert d\u2019une couche de diamant (Diamond Coated Silicon) ou, parfois, m\u00eame enti\u00e8rement en diamant (All Diamond).<\/p>\n<\/div>\n\n\n\n<div class=\"wp-block-column is-layout-flow wp-block-column-is-layout-flow\">\n<div style=\"height:20px\" aria-hidden=\"true\" class=\"wp-block-spacer\"><\/div>\n\n\n<div class=\"wp-block-image\">\n<figure data-wp-context=\"{&quot;imageId&quot;:&quot;69d4609fe48f2&quot;}\" data-wp-interactive=\"core\/image\" data-wp-key=\"69d4609fe48f2\" class=\"aligncenter size-full wp-lightbox-container\"><img loading=\"lazy\" decoding=\"async\" width=\"2400\" height=\"1200\" data-wp-class--hide=\"state.isContentHidden\" data-wp-class--show=\"state.isContentVisible\" data-wp-init=\"callbacks.setButtonStyles\" data-wp-on--click=\"actions.showLightbox\" data-wp-on--load=\"callbacks.setButtonStyles\" data-wp-on-window--resize=\"callbacks.setButtonStyles\" src=\"https:\/\/diamaze.com\/wp-content\/uploads\/diamaze.com-home-04-web-2400x1200-1.jpg\" alt=\"...\" class=\"wp-image-16392\" srcset=\"https:\/\/diamaze.com\/wp-content\/uploads\/diamaze.com-home-04-web-2400x1200-1.jpg 2400w, https:\/\/diamaze.com\/wp-content\/uploads\/diamaze.com-home-04-web-2400x1200-1-400x200.jpg 400w, https:\/\/diamaze.com\/wp-content\/uploads\/diamaze.com-home-04-web-2400x1200-1-1000x500.jpg 1000w, https:\/\/diamaze.com\/wp-content\/uploads\/diamaze.com-home-04-web-2400x1200-1-768x384.jpg 768w, https:\/\/diamaze.com\/wp-content\/uploads\/diamaze.com-home-04-web-2400x1200-1-1536x768.jpg 1536w, https:\/\/diamaze.com\/wp-content\/uploads\/diamaze.com-home-04-web-2400x1200-1-2048x1024.jpg 2048w, https:\/\/diamaze.com\/wp-content\/uploads\/diamaze.com-home-04-web-2400x1200-1-570x285.jpg 570w\" sizes=\"auto, (max-width: 2400px) 100vw, 2400px\" \/><button\n\t\t\tclass=\"lightbox-trigger\"\n\t\t\ttype=\"button\"\n\t\t\taria-haspopup=\"dialog\"\n\t\t\taria-label=\"Agrandir\"\n\t\t\tdata-wp-init=\"callbacks.initTriggerButton\"\n\t\t\tdata-wp-on--click=\"actions.showLightbox\"\n\t\t\tdata-wp-style--right=\"state.imageButtonRight\"\n\t\t\tdata-wp-style--top=\"state.imageButtonTop\"\n\t\t>\n\t\t\t<svg xmlns=\"http:\/\/www.w3.org\/2000\/svg\" width=\"12\" height=\"12\" fill=\"none\" viewBox=\"0 0 12 12\">\n\t\t\t\t<path fill=\"#fff\" d=\"M2 0a2 2 0 0 0-2 2v2h1.5V2a.5.5 0 0 1 .5-.5h2V0H2Zm2 10.5H2a.5.5 0 0 1-.5-.5V8H0v2a2 2 0 0 0 2 2h2v-1.5ZM8 12v-1.5h2a.5.5 0 0 0 .5-.5V8H12v2a2 2 0 0 1-2 2H8Zm2-12a2 2 0 0 1 2 2v2h-1.5V2a.5.5 0 0 0-.5-.5H8V0h2Z\" \/>\n\t\t\t<\/svg>\n\t\t<\/button><\/figure>\n<\/div><\/div>\n<\/div>\n","protected":false},"excerpt":{"rendered":"<p>\u00c9chappements &#8211; Pr\u00e9cision extr\u00eame<\/p>\n","protected":false},"author":12,"featured_media":0,"parent":0,"menu_order":30,"comment_status":"closed","ping_status":"closed","template":"","meta":{"_seopress_robots_primary_cat":"","_seopress_titles_title":"%%titre%% %%sep%% %%sitetitle%%","_seopress_titles_desc":"","_seopress_robots_index":"","footnotes":""},"class_list":["post-17128","page","type-page","status-publish","czr-hentry"],"_links":{"self":[{"href":"https:\/\/diamaze.com\/fr\/wp-json\/wp\/v2\/pages\/17128","targetHints":{"allow":["GET"]}}],"collection":[{"href":"https:\/\/diamaze.com\/fr\/wp-json\/wp\/v2\/pages"}],"about":[{"href":"https:\/\/diamaze.com\/fr\/wp-json\/wp\/v2\/types\/page"}],"author":[{"embeddable":true,"href":"https:\/\/diamaze.com\/fr\/wp-json\/wp\/v2\/users\/12"}],"replies":[{"embeddable":true,"href":"https:\/\/diamaze.com\/fr\/wp-json\/wp\/v2\/comments?post=17128"}],"version-history":[{"count":3,"href":"https:\/\/diamaze.com\/fr\/wp-json\/wp\/v2\/pages\/17128\/revisions"}],"predecessor-version":[{"id":17132,"href":"https:\/\/diamaze.com\/fr\/wp-json\/wp\/v2\/pages\/17128\/revisions\/17132"}],"wp:attachment":[{"href":"https:\/\/diamaze.com\/fr\/wp-json\/wp\/v2\/media?parent=17128"}],"curies":[{"name":"wp","href":"https:\/\/api.w.org\/{rel}","templated":true}]}}