{"id":17114,"date":"2024-02-04T00:00:42","date_gmt":"2024-02-03T23:00:42","guid":{"rendered":"https:\/\/web-pro-design.me\/cookies\/"},"modified":"2024-04-02T08:47:40","modified_gmt":"2024-04-02T06:47:40","slug":"cookies","status":"publish","type":"page","link":"https:\/\/diamaze.com\/fr\/cookies\/","title":{"rendered":"Cookies"},"content":{"rendered":"\n<div style=\"height:20px\" aria-hidden=\"true\" class=\"wp-block-spacer\"><\/div>\n\n<div class=\"wp-block-columns is-layout-flex wp-container-core-columns-is-layout-9d6595d7 wp-block-columns-is-layout-flex\">\n<div class=\"wp-block-column is-vertically-aligned-top is-layout-flow wp-block-column-is-layout-flow\" style=\"flex-basis:200px\"><div class=\"wp-block-image\">\n<figure class=\"aligncenter size-full is-resized\"><img loading=\"lazy\" decoding=\"async\" src=\"https:\/\/diamaze.com\/wp-content\/uploads\/admin-icon-cookies-0400x0400-1.png\" alt=\"...\" class=\"wp-image-6513\" style=\"object-fit:cover;width:200px;height:200px\" width=\"200\" height=\"200\"\/><\/figure>\n<\/div><\/div>\n\n\n\n<div class=\"wp-block-column is-vertically-aligned-top is-layout-flow wp-block-column-is-layout-flow\">\n<p class=\"has-medium-font-size\"><strong>Les cookies sont-ils utiles ?<\/strong><\/p>\n\n\n\n<p class=\"has-medium-font-size\">En g\u00e9n\u00e9ral, oui, mais l&rsquo;affichage de l&rsquo;avis lors du premier chargement de la page web ne l&rsquo;est pas vraiment. Raison : ce n&rsquo;est que par le scanner de cookies lui-m\u00eame qu&rsquo;au moins un cookie est install\u00e9.<\/p>\n<\/div>\n<\/div>\n<div class=\"su-divider su-divider-style-default\" style=\"margin:20px 0;border-width:1px;border-color:#666666\"><\/div>\n\n<ul class=\"has-medium-font-size wp-block-list\">\n<li>En vertu des dispositions du RGPD, nous sommes donc tenus d&rsquo;afficher cet avis. Mais chez nous &#8230; <strong>l&rsquo;indication dispara\u00eet automatiquement au bout de quelques secondes<\/strong>. C&rsquo;est moins \u00e9nervant. Nous devons simplement veiller \u00e0 ce que la note soit \u00e0 nouveau accessible et que les param\u00e8tres par d\u00e9faut puissent \u00eatre modifi\u00e9s.<\/li>\n\n\n\n<li>D&rsquo;accord, des cookies sont utilis\u00e9s pendant que vous naviguez sur le site. Ils sont stock\u00e9s dans votre navigateur, car ils sont essentiels au fonctionnement de base du site.<\/li>\n\n\n\n<li>Les cookies de tiers nous permettent d&rsquo;analyser la mani\u00e8re dont vous utilisez ce site web. Tous les autres cookies sont d\u00e9sactiv\u00e9s par nos soins dans les param\u00e8tres.<\/li>\n<\/ul>\n\n<p class=\"has-text-align-left has-medium-font-size\"><strong>Param\u00e8tres<\/strong>&#8230; \u276f <strong><mark style=\"background-color:rgba(0, 0, 0, 0);color:#448ccb\" class=\"has-inline-color\"><a class=\"wt-cli-manage-consent-link\">COOKIES<\/a><\/mark><\/strong><\/p>\n","protected":false},"excerpt":{"rendered":"<p>RGPD, cookies<\/p>\n","protected":false},"author":12,"featured_media":0,"parent":0,"menu_order":400,"comment_status":"closed","ping_status":"closed","template":"","meta":{"_seopress_robots_primary_cat":"","_seopress_titles_title":"%%title%% | %%sitename%%","_seopress_titles_desc":"","_seopress_robots_index":"","footnotes":""},"class_list":["post-17114","page","type-page","status-publish","czr-hentry"],"_links":{"self":[{"href":"https:\/\/diamaze.com\/fr\/wp-json\/wp\/v2\/pages\/17114","targetHints":{"allow":["GET"]}}],"collection":[{"href":"https:\/\/diamaze.com\/fr\/wp-json\/wp\/v2\/pages"}],"about":[{"href":"https:\/\/diamaze.com\/fr\/wp-json\/wp\/v2\/types\/page"}],"author":[{"embeddable":true,"href":"https:\/\/diamaze.com\/fr\/wp-json\/wp\/v2\/users\/12"}],"replies":[{"embeddable":true,"href":"https:\/\/diamaze.com\/fr\/wp-json\/wp\/v2\/comments?post=17114"}],"version-history":[{"count":1,"href":"https:\/\/diamaze.com\/fr\/wp-json\/wp\/v2\/pages\/17114\/revisions"}],"predecessor-version":[{"id":17115,"href":"https:\/\/diamaze.com\/fr\/wp-json\/wp\/v2\/pages\/17114\/revisions\/17115"}],"wp:attachment":[{"href":"https:\/\/diamaze.com\/fr\/wp-json\/wp\/v2\/media?parent=17114"}],"curies":[{"name":"wp","href":"https:\/\/api.w.org\/{rel}","templated":true}]}}