{"id":17106,"date":"2024-02-04T00:00:00","date_gmt":"2024-02-03T23:00:00","guid":{"rendered":"https:\/\/web-pro-design.me\/plan-du-site\/"},"modified":"2024-04-02T08:50:04","modified_gmt":"2024-04-02T06:50:04","slug":"sitemap","status":"publish","type":"page","link":"https:\/\/diamaze.com\/fr\/sitemap\/","title":{"rendered":"Plan du site"},"content":{"rendered":"\n<div style=\"height:20px\" aria-hidden=\"true\" class=\"wp-block-spacer\"><\/div>\n\n\n\n<div class=\"wp-block-columns are-vertically-aligned-top is-layout-flex wp-container-core-columns-is-layout-9d6595d7 wp-block-columns-is-layout-flex\">\n<div class=\"wp-block-column is-vertically-aligned-top is-layout-flow wp-block-column-is-layout-flow\" style=\"flex-basis:400px\"><div class=\"wrap-html-sitemap sp-html-sitemap\"><div class=\"sp-wrap-cpt\"><h2 class=\"sp-cpt-name\">Pages<\/h2><ul class=\"sp-list-posts sp-cpt-hierarchical\"><li class=\"page_item page-item-16986\"><a href=\"https:\/\/diamaze.com\/fr\/\">Accueil<\/a><\/li><li class=\"page_item page-item-17135\"><a href=\"https:\/\/diamaze.com\/fr\/company\/\">\u00c0 propos de nous<\/a><\/li><li class=\"page_item page-item-17128\"><a href=\"https:\/\/diamaze.com\/fr\/escapements\/\">\u00c9chappements<\/a><\/li><li class=\"page_item page-item-17137\"><a href=\"https:\/\/diamaze.com\/fr\/product-variants\/\">Variantes de produits<\/a><\/li><li class=\"page_item page-item-17139\"><a href=\"https:\/\/diamaze.com\/fr\/research-services\/\">Recherche et services<\/a><\/li><li class=\"page_item page-item-17118\"><a href=\"https:\/\/diamaze.com\/fr\/contact\/\">Contact<\/a><\/li><li class=\"page_item page-item-17116 current_page_parent\"><a href=\"https:\/\/diamaze.com\/fr\/blog\/\">Blog<\/a><\/li><li class=\"page_item page-item-17114\"><a href=\"https:\/\/diamaze.com\/fr\/cookies\/\">Cookies<\/a><\/li><li class=\"page_item page-item-17112\"><a href=\"https:\/\/diamaze.com\/fr\/legal-notice\/\">Mentions l\u00e9gales<\/a><\/li><li class=\"page_item page-item-17108\"><a href=\"https:\/\/diamaze.com\/fr\/privacy-policy\/\">Protection des donn\u00e9es<\/a><\/li><li class=\"page_item page-item-17106\"><a href=\"https:\/\/diamaze.com\/fr\/sitemap\/\">Plan du site<\/a><\/li><\/ul><\/div><\/div>\n<\/div>\n\n\n\n<div class=\"wp-block-column is-vertically-aligned-top is-layout-flow wp-block-column-is-layout-flow\"><div class=\"wrap-html-sitemap sp-html-sitemap\"><div class=\"sp-wrap-cpt\"><h2 class=\"sp-cpt-name\">Articles<\/h2><div class=\"sp-wrap-cats\"><div class=\"sp-wrap-cat\"><h3 class=\"sp-cat-name\"><a href=\"https:\/\/diamaze.com\/fr\/blog\/press-fr\/\">Presse<\/a><\/h3><ul class=\"sp-list-posts\"><li><a href=\"https:\/\/diamaze.com\/fr\/materiaux-des-montres-mecaniques-diamant\/\">Mat\u00e9riaux des montres m\u00e9caniques : Diamant<\/a><\/li><li><a href=\"https:\/\/diamaze.com\/fr\/le-leader-mondial-dulm-avec-des-diamants-artificiels\/\">Le leader mondial d&rsquo;Ulm avec des diamants artificiels<\/a><\/li><li><a href=\"https:\/\/diamaze.com\/fr\/premiere-roue-dentee-en-diamant-cvd-dans-lechappement-dun-mouvement-horloger\/\">Premi\u00e8re roue dent\u00e9e en diamant CVD dans l&rsquo;\u00e9chappement d&rsquo;un mouvement horloger<\/a><\/li><li><a href=\"https:\/\/diamaze.com\/fr\/technique-horlogere-bijoux-dans-le-bijou\/\">Technique horlog\u00e8re, bijoux dans le bijou<\/a><\/li><\/ul><\/div><\/div><\/div><\/div>\n<\/div>\n<\/div>\n","protected":false},"excerpt":{"rendered":"<p>RGPD, cookies<\/p>\n","protected":false},"author":12,"featured_media":0,"parent":0,"menu_order":430,"comment_status":"closed","ping_status":"closed","template":"","meta":{"_seopress_robots_primary_cat":"","_seopress_titles_title":"%%title%% | %%sitename%%","_seopress_titles_desc":"","_seopress_robots_index":"","footnotes":""},"class_list":["post-17106","page","type-page","status-publish","czr-hentry"],"_links":{"self":[{"href":"https:\/\/diamaze.com\/fr\/wp-json\/wp\/v2\/pages\/17106","targetHints":{"allow":["GET"]}}],"collection":[{"href":"https:\/\/diamaze.com\/fr\/wp-json\/wp\/v2\/pages"}],"about":[{"href":"https:\/\/diamaze.com\/fr\/wp-json\/wp\/v2\/types\/page"}],"author":[{"embeddable":true,"href":"https:\/\/diamaze.com\/fr\/wp-json\/wp\/v2\/users\/12"}],"replies":[{"embeddable":true,"href":"https:\/\/diamaze.com\/fr\/wp-json\/wp\/v2\/comments?post=17106"}],"version-history":[{"count":1,"href":"https:\/\/diamaze.com\/fr\/wp-json\/wp\/v2\/pages\/17106\/revisions"}],"predecessor-version":[{"id":17107,"href":"https:\/\/diamaze.com\/fr\/wp-json\/wp\/v2\/pages\/17106\/revisions\/17107"}],"wp:attachment":[{"href":"https:\/\/diamaze.com\/fr\/wp-json\/wp\/v2\/media?parent=17106"}],"curies":[{"name":"wp","href":"https:\/\/api.w.org\/{rel}","templated":true}]}}