{"id":16986,"date":"2024-02-04T00:00:07","date_gmt":"2024-02-03T23:00:07","guid":{"rendered":"https:\/\/web-pro-design.me\/accueil\/"},"modified":"2025-11-02T19:31:47","modified_gmt":"2025-11-02T18:31:47","slug":"accueil","status":"publish","type":"page","link":"https:\/\/diamaze.com\/fr\/","title":{"rendered":"Accueil"},"content":{"rendered":"\n<div style=\"height:20px\" aria-hidden=\"true\" class=\"wp-block-spacer\"><\/div>\n\n\n<div class=\"su-animate\" style=\"opacity:0;-webkit-animation-duration:1s;-webkit-animation-delay:0s;animation-duration:1s;animation-delay:0s;\" data-animation=\"fadeInRightBig\" data-duration=\"1\" data-delay=\"0\">\n<h2>\u00c0 propos de nous<\/h2>\n<\/div>\n\n\n<div class=\"su-divider su-divider-style-default\" style=\"margin:0px 0;border-width:1px;border-color:#333333\"><\/div>\n\n\n\n<div style=\"height:20px\" aria-hidden=\"true\" class=\"wp-block-spacer\"><\/div>\n\n\n\n\n\n\n<div style=\"height:100px\" aria-hidden=\"true\" class=\"wp-block-spacer\"><\/div>\n\n\n<div class=\"su-animate\" style=\"opacity:0;-webkit-animation-duration:1s;-webkit-animation-delay:0s;animation-duration:1s;animation-delay:0s;\" data-animation=\"fadeInRightBig\" data-duration=\"1\" data-delay=\"0\">\n<h2>\u00c9chappements<\/h2>\n<\/div>\n\n\n<div class=\"su-divider su-divider-style-default\" style=\"margin:0px 0;border-width:1px;border-color:#333333\"><\/div>\n\n\n\n<div style=\"height:20px\" aria-hidden=\"true\" class=\"wp-block-spacer\"><\/div>\n\n\n\n\n\n\n<div style=\"height:100px\" aria-hidden=\"true\" class=\"wp-block-spacer\"><\/div>\n\n\n<div class=\"su-animate\" style=\"opacity:0;-webkit-animation-duration:1s;-webkit-animation-delay:0s;animation-duration:1s;animation-delay:0s;\" data-animation=\"fadeInRightBig\" data-duration=\"1\" data-delay=\"0\">\n<h2>Variantes de produits<\/h2>\n<\/div>\n\n\n<div class=\"su-divider su-divider-style-default\" style=\"margin:0px 0;border-width:1px;border-color:#333333\"><\/div>\n\n\n\n<div style=\"height:20px\" aria-hidden=\"true\" class=\"wp-block-spacer\"><\/div>\n\n\n\n<div class=\"wp-block-columns is-layout-flex wp-container-core-columns-is-layout-9d6595d7 wp-block-columns-is-layout-flex\">\n<div class=\"wp-block-column is-layout-flow wp-block-column-is-layout-flow\">\n<div class=\"wp-block-cover has-custom-content-position is-position-top-left\"><img loading=\"lazy\" decoding=\"async\" width=\"2000\" height=\"1500\" class=\"wp-block-cover__image-background wp-image-16404\" alt=\"...\" src=\"https:\/\/diamaze.com\/wp-content\/uploads\/diamaze.com-product-variant-ad-web-2000x1500-1.jpg\" style=\"object-position:60% 50%\" data-object-fit=\"cover\" data-object-position=\"60% 50%\" srcset=\"https:\/\/diamaze.com\/wp-content\/uploads\/diamaze.com-product-variant-ad-web-2000x1500-1.jpg 2000w, https:\/\/diamaze.com\/wp-content\/uploads\/diamaze.com-product-variant-ad-web-2000x1500-1-400x300.jpg 400w, https:\/\/diamaze.com\/wp-content\/uploads\/diamaze.com-product-variant-ad-web-2000x1500-1-1000x750.jpg 1000w, https:\/\/diamaze.com\/wp-content\/uploads\/diamaze.com-product-variant-ad-web-2000x1500-1-768x576.jpg 768w, https:\/\/diamaze.com\/wp-content\/uploads\/diamaze.com-product-variant-ad-web-2000x1500-1-1536x1152.jpg 1536w, https:\/\/diamaze.com\/wp-content\/uploads\/diamaze.com-product-variant-ad-web-2000x1500-1-570x428.jpg 570w\" sizes=\"auto, (max-width: 2000px) 100vw, 2000px\" \/><span aria-hidden=\"true\" class=\"wp-block-cover__background has-background-dim-10 has-background-dim\"><\/span><div class=\"wp-block-cover__inner-container is-layout-constrained wp-block-cover-is-layout-constrained\">\n<p class=\"has-white-color has-text-color has-link-color wp-elements-d65abae25116909b629472f0413c74b0\" style=\"font-size:18px\">ALL DIAMOND (AD)<\/p>\n\n\n\n<p class=\"has-white-color has-text-color has-link-color wp-elements-649edae8ea1f283ec9a4fd60f53a7aea\" style=\"font-size:16px\">Composants enti\u00e8rement en diamant: <br>100% en diamant!<\/p>\n<\/div><\/div>\n\n\n\n<p class=\"has-text-align-right\" style=\"font-size:16px\"><a href=\"https:\/\/diamaze.com\/fr\/product-variants\/#AD\" data-type=\"link\" data-id=\"https:\/\/diamaze.com\/fr\/product-variants\/#AD\">PLUS \u276f<\/a><\/p>\n<\/div>\n\n\n\n<div class=\"wp-block-column is-layout-flow wp-block-column-is-layout-flow\">\n<div class=\"wp-block-cover has-custom-content-position is-position-top-left\"><img loading=\"lazy\" decoding=\"async\" width=\"2000\" height=\"1500\" class=\"wp-block-cover__image-background wp-image-16403\" alt=\"...\" src=\"https:\/\/diamaze.com\/wp-content\/uploads\/diamaze.com-product-variant-dcs-web-2000x1500-1.jpg\" style=\"object-position:40% 50%\" data-object-fit=\"cover\" data-object-position=\"40% 50%\" srcset=\"https:\/\/diamaze.com\/wp-content\/uploads\/diamaze.com-product-variant-dcs-web-2000x1500-1.jpg 2000w, https:\/\/diamaze.com\/wp-content\/uploads\/diamaze.com-product-variant-dcs-web-2000x1500-1-400x300.jpg 400w, https:\/\/diamaze.com\/wp-content\/uploads\/diamaze.com-product-variant-dcs-web-2000x1500-1-1000x750.jpg 1000w, https:\/\/diamaze.com\/wp-content\/uploads\/diamaze.com-product-variant-dcs-web-2000x1500-1-768x576.jpg 768w, https:\/\/diamaze.com\/wp-content\/uploads\/diamaze.com-product-variant-dcs-web-2000x1500-1-1536x1152.jpg 1536w, https:\/\/diamaze.com\/wp-content\/uploads\/diamaze.com-product-variant-dcs-web-2000x1500-1-570x428.jpg 570w\" sizes=\"auto, (max-width: 2000px) 100vw, 2000px\" \/><span aria-hidden=\"true\" class=\"wp-block-cover__background has-background-dim-20 has-background-dim\"><\/span><div class=\"wp-block-cover__inner-container is-layout-constrained wp-block-cover-is-layout-constrained\">\n<p class=\"has-white-color has-text-color has-link-color wp-elements-3ed64cab35c95a43fb3e67dbbe323251\" style=\"font-size:18px\">SILICONE DIAMOND COATED (DCS)<\/p>\n\n\n\n<p>Composants en silicium recouverts d\u2019une couche de diamant:<br>une innovation!<\/p>\n<\/div><\/div>\n\n\n\n<p class=\"has-text-align-right\" style=\"font-size:16px\"><a href=\"https:\/\/diamaze.com\/fr\/product-variants\/#DCS\" data-type=\"link\" data-id=\"https:\/\/diamaze.com\/fr\/product-variants\/#DCS\">PLUS \u276f<\/a><\/p>\n<\/div>\n\n\n\n<div class=\"wp-block-column is-layout-flow wp-block-column-is-layout-flow\">\n<div class=\"wp-block-cover has-custom-content-position is-position-top-left\"><img loading=\"lazy\" decoding=\"async\" width=\"2000\" height=\"1500\" class=\"wp-block-cover__image-background wp-image-16402\" alt=\"...\" src=\"https:\/\/diamaze.com\/wp-content\/uploads\/diamaze.com-product-variant-dd-web-2000x1500-1.jpg\" style=\"object-position:40% 50%\" data-object-fit=\"cover\" data-object-position=\"40% 50%\" srcset=\"https:\/\/diamaze.com\/wp-content\/uploads\/diamaze.com-product-variant-dd-web-2000x1500-1.jpg 2000w, https:\/\/diamaze.com\/wp-content\/uploads\/diamaze.com-product-variant-dd-web-2000x1500-1-400x300.jpg 400w, https:\/\/diamaze.com\/wp-content\/uploads\/diamaze.com-product-variant-dd-web-2000x1500-1-1000x750.jpg 1000w, https:\/\/diamaze.com\/wp-content\/uploads\/diamaze.com-product-variant-dd-web-2000x1500-1-768x576.jpg 768w, https:\/\/diamaze.com\/wp-content\/uploads\/diamaze.com-product-variant-dd-web-2000x1500-1-1536x1152.jpg 1536w, https:\/\/diamaze.com\/wp-content\/uploads\/diamaze.com-product-variant-dd-web-2000x1500-1-570x428.jpg 570w\" sizes=\"auto, (max-width: 2000px) 100vw, 2000px\" \/><span aria-hidden=\"true\" class=\"wp-block-cover__background has-background-dim-30 has-background-dim\"><\/span><div class=\"wp-block-cover__inner-container is-layout-constrained wp-block-cover-is-layout-constrained\">\n<p class=\"has-white-color has-text-color has-link-color wp-elements-71d1d7e4ba5909db7d6936ca15b2de1d\" style=\"font-size:18px\">DECORATIVE DIAMOND (DD)<\/p>\n\n\n\n<p class=\"has-white-color has-text-color has-link-color wp-elements-7678f94de4975966145364b4dd212d28\" style=\"font-size:16px\">Plaques de diamant d\u00e9coratives \u2013 un fa\u00e7onnage de premier choix<\/p>\n<\/div><\/div>\n\n\n\n<p class=\"has-text-align-right\" style=\"font-size:16px\"><a href=\"https:\/\/diamaze.com\/fr\/product-variants\/#DD\" data-type=\"link\" data-id=\"https:\/\/diamaze.com\/fr\/product-variants\/#DD\">PLUS \u276f<\/a><\/p>\n<\/div>\n<\/div>\n\n\n\n<div style=\"height:40px\" aria-hidden=\"true\" class=\"wp-block-spacer\"><\/div>\n\n\n<div class=\"su-animate\" style=\"opacity:0;-webkit-animation-duration:1s;-webkit-animation-delay:0s;animation-duration:1s;animation-delay:0s;\" data-animation=\"fadeInRightBig\" data-duration=\"1\" data-delay=\"0\">\n<h2>Recherche et services<\/h2>\n<\/div>\n\n\n<div class=\"su-divider su-divider-style-default\" style=\"margin:0px 0;border-width:1px;border-color:#333333\"><\/div>\n\n\n\n<div style=\"height:20px\" aria-hidden=\"true\" class=\"wp-block-spacer\"><\/div>\n\n\n\n<div class=\"wp-block-columns are-vertically-aligned-top is-layout-flex wp-container-core-columns-is-layout-9d6595d7 wp-block-columns-is-layout-flex\">\n<div class=\"wp-block-column is-vertically-aligned-top is-layout-flow wp-block-column-is-layout-flow\">\n<div class=\"wp-block-cover is-light has-custom-content-position is-position-top-left has-white-color has-text-color\"><span aria-hidden=\"true\" class=\"wp-block-cover__background has-background-dim-20 has-background-dim\"><\/span><img loading=\"lazy\" decoding=\"async\" width=\"2400\" height=\"1200\" class=\"wp-block-cover__image-background wp-image-16417\" alt=\"...\" src=\"https:\/\/diamaze.com\/wp-content\/uploads\/diamaze.com-research-web-2400x1200-1.jpg\" style=\"object-position:40% 50%\" data-object-fit=\"cover\" data-object-position=\"40% 50%\" srcset=\"https:\/\/diamaze.com\/wp-content\/uploads\/diamaze.com-research-web-2400x1200-1.jpg 2400w, https:\/\/diamaze.com\/wp-content\/uploads\/diamaze.com-research-web-2400x1200-1-400x200.jpg 400w, https:\/\/diamaze.com\/wp-content\/uploads\/diamaze.com-research-web-2400x1200-1-1000x500.jpg 1000w, https:\/\/diamaze.com\/wp-content\/uploads\/diamaze.com-research-web-2400x1200-1-768x384.jpg 768w, https:\/\/diamaze.com\/wp-content\/uploads\/diamaze.com-research-web-2400x1200-1-1536x768.jpg 1536w, https:\/\/diamaze.com\/wp-content\/uploads\/diamaze.com-research-web-2400x1200-1-2048x1024.jpg 2048w, https:\/\/diamaze.com\/wp-content\/uploads\/diamaze.com-research-web-2400x1200-1-570x285.jpg 570w\" sizes=\"auto, (max-width: 2400px) 100vw, 2400px\" \/><div class=\"wp-block-cover__inner-container is-layout-constrained wp-block-cover-is-layout-constrained\">\n<h1 class=\"wp-block-heading has-white-color has-text-color has-link-color wp-elements-026f82118bd07334546492f1b920bace\"><mark style=\"background-color:rgba(0, 0, 0, 0)\" class=\"has-inline-color has-white-color\">Nous mettons en \u0153uvre vos id\u00e9es cr\u00e9atives avec notre technologie.<\/mark><\/h1>\n<\/div><\/div>\n\n\n\n<div style=\"height:10px\" aria-hidden=\"true\" class=\"wp-block-spacer\"><\/div>\n\n\n\n<p class=\"has-medium-font-size\">Avez-vous des questions d\u2019ordre g\u00e9n\u00e9ral ou concernant nos produits ou la technologie que nous avons d\u00e9velopp\u00e9e ? O\u00f9 recherchez-vous un partenaire industriel ou prestataire de service pour r\u00e9soudre un probl\u00e8me sp\u00e9cifique ? Alors n\u2019h\u00e9sitez pas \u00e0 nous contacter par t\u00e9l\u00e9phone ou \u00e0 nous envoyer un email. Nous tenterons de trouver ensemble une solution \u00e0 votre probl\u00e8me.<\/p>\n<\/div>\n\n\n\n<div class=\"wp-block-column is-vertically-aligned-top is-layout-flow wp-block-column-is-layout-flow\">\n<h2 class=\"wp-block-heading has-medium-font-size\"><strong>D\u00e9veloppement sp\u00e9cifique au client et recherches &#8211; Contactez-nous!<\/strong><\/h2>\n\n\n\n<p class=\"has-medium-font-size\">Le perfectionnement de notre technologie nous permet de mettre en \u0153uvre des id\u00e9es et des prototypes pour r\u00e9aliser des produits, des pi\u00e8ces, des composants et des syst\u00e8mes commercialisables.<\/p>\n\n\n\n<p class=\"has-medium-font-size\">Outre le d\u00e9veloppement de ses propres id\u00e9es de produits, la soci\u00e9t\u00e9 Diamaze Microtechnology SA propose des coop\u00e9rations sp\u00e9cifiques \u00e0 ses partenaires industriels pour le d\u00e9veloppement commun d\u2019applications en diamant et, dans certains cas, le d\u00e9veloppement de produits \u00e0 fa\u00e7on. Sur commande, et en \u00e9troite collaboration avec nos clients, nous d\u00e9veloppons et\/ou fabriquons des composants sp\u00e9cifiques au client, qui se distinguent par leur fonctionnalit\u00e9, leur efficacit\u00e9 et leur long\u00e9vit\u00e9. Sur demande, nous les fournissons pr\u00eats pour le montage. Nous proposons nos syst\u00e8mes d\u2019\u00e9chappement et microcomposants dans <a href=\"https:\/\/diamaze.com\/fr\/product-variants\/\" data-type=\"link\" data-id=\"https:\/\/diamaze.com\/fr\/product-variants\/\">trois variantes diff\u00e9rentes<\/a>. Selon leur r\u00e9alisation, ces composants sont enti\u00e8rement en diamant (All Diamond) ou en silicium recouvert d\u2019une couche de diamant (Diamond Coated Silicon), ou poss\u00e8dent une couche de diamant d\u00e9corative (Decorative Diamond).<\/p>\n<\/div>\n<\/div>\n\n\n\n<div style=\"height:80px\" aria-hidden=\"true\" class=\"wp-block-spacer\"><\/div>\n\n\n<div class=\"su-animate\" style=\"opacity:0;-webkit-animation-duration:1s;-webkit-animation-delay:0s;animation-duration:1s;animation-delay:0s;\" data-animation=\"fadeInRightBig\" data-duration=\"1\" data-delay=\"0\">\n<h2><a href=\"https:\/\/diamaze.com\/fr\/blog\/\">Blog<\/a><\/h2>\n<\/div>\n\n\n<div class=\"su-divider su-divider-style-default\" style=\"margin:0px 0;border-width:1px;border-color:#333333\"><\/div>\n\n\n\n<div style=\"height:40px\" aria-hidden=\"true\" class=\"wp-block-spacer\"><\/div>\n\n\n\n\n<div class=\"su-posts su-posts-default-loop \">\n\n\t\n\t\t\t\t\t\n\t\t\t\n\t\t\t<div id=\"su-post-17164\" class=\"su-post \">\n\n\t\t\t\t\n\t\t\t\t<h2 class=\"su-post-title\"><a href=\"https:\/\/diamaze.com\/fr\/materiaux-des-montres-mecaniques-diamant\/\">Mat\u00e9riaux des montres m\u00e9caniques : Diamant<\/a><\/h2>\n\n\t\t\t\t<div class=\"su-post-meta\">\n\t\t\t\t\tPosted: 31.10.2013\t\t\t\t<\/div>\n\n\t\t\t\t<div class=\"su-post-excerpt\">\n\t\t\t\t\t<p>Presse, Watchtime.net, 2013.10. \u279c Le silicium, c&rsquo;est bien, mais pour les montres, il existe fondamentalement un meilleur mat\u00e9riau, que les femmes aiment appeler leur meilleur ami : Le diamant, le mat\u00e9riau le plus dur qui soit.<\/p>\n\t\t\t\t<\/div>\n\n\t\t\t\t\n\t\t\t<\/div>\n\n\t\t\t\t\t\n\t\t\t\n\t\t\t<div id=\"su-post-17167\" class=\"su-post \">\n\n\t\t\t\t\n\t\t\t\t<h2 class=\"su-post-title\"><a href=\"https:\/\/diamaze.com\/fr\/le-leader-mondial-dulm-avec-des-diamants-artificiels\/\">Le leader mondial d&rsquo;Ulm avec des diamants artificiels<\/a><\/h2>\n\n\t\t\t\t<div class=\"su-post-meta\">\n\t\t\t\t\tPosted: 02.04.2012\t\t\t\t<\/div>\n\n\t\t\t\t<div class=\"su-post-excerpt\">\n\t\t\t\t\t<p>Presse, Ulm News, 2012.04. \u279c Le directeur de GFD, le Dr Peter Gluche, \u00e9tait doctorant \u00e0 l&rsquo;universit\u00e9 d&rsquo;Ulm et a fond\u00e9 la soci\u00e9t\u00e9 Gesellschaft f\u00fcr Diamantprodukte mbH (GFD) avec le Dr Andre Fl\u00f6ter. Aujourd&rsquo;hui, GFD d\u00e9veloppe et produit des rev\u00eatements diamant\u00e9s artificiels avec huit collaborateurs.<\/p>\n\t\t\t\t<\/div>\n\n\t\t\t\t\n\t\t\t<\/div>\n\n\t\t\t\t\t\n\t\t\t\n\t\t\t<div id=\"su-post-17169\" class=\"su-post \">\n\n\t\t\t\t\n\t\t\t\t<h2 class=\"su-post-title\"><a href=\"https:\/\/diamaze.com\/fr\/premiere-roue-dentee-en-diamant-cvd-dans-lechappement-dun-mouvement-horloger\/\">Premi\u00e8re roue dent\u00e9e en diamant CVD dans l&rsquo;\u00e9chappement d&rsquo;un mouvement horloger<\/a><\/h2>\n\n\t\t\t\t<div class=\"su-post-meta\">\n\t\t\t\t\tPosted: 01.05.2005\t\t\t\t<\/div>\n\n\t\t\t\t<div class=\"su-post-excerpt\">\n\t\t\t\t\t<p>Presse, Industrie Diamant Rundschau, 2005.05. \u279c \u00c0 l&rsquo;occasion du salon de la bijouterie et de l&rsquo;horlogerie \u00ab\u00a0Baselworld\u00a0\u00bb de B\u00e2le, l&rsquo;horloger suisse de prestige Ulysse Nardin a pr\u00e9sent\u00e9 une premi\u00e8re mondiale : la premi\u00e8re roue dent\u00e9e en diamant CVD pur dans une montre.<\/p>\n\t\t\t\t<\/div>\n\n\t\t\t\t\n\t\t\t<\/div>\n\n\t\t\t\t\t\n\t\t\t\n\t\t\t<div id=\"su-post-17171\" class=\"su-post \">\n\n\t\t\t\t\n\t\t\t\t<h2 class=\"su-post-title\"><a href=\"https:\/\/diamaze.com\/fr\/technique-horlogere-bijoux-dans-le-bijou\/\">Technique horlog\u00e8re, bijoux dans le bijou<\/a><\/h2>\n\n\t\t\t\t<div class=\"su-post-meta\">\n\t\t\t\t\tPosted: 26.08.2004\t\t\t\t<\/div>\n\n\t\t\t\t<div class=\"su-post-excerpt\">\n\t\t\t\t\t<p>Presse, Manager Magazin, 2004.08. \u279c Pour que les montres m\u00e9caniques soient encore plus pr\u00e9cises et doivent \u00eatre remont\u00e9es moins souvent, des scientifiques ont trouv\u00e9 une nouvelle astuce. \u00c0 l&rsquo;avenir, les roues dent\u00e9es pourraient \u00eatre constitu\u00e9es de diamants artificiels.<\/p>\n\t\t\t\t<\/div>\n\n\t\t\t\t\n\t\t\t<\/div>\n\n\t\t\n\t\n<\/div>\n\n","protected":false},"excerpt":{"rendered":"<p>\u279c Diamaze Microtechnology SA \u279c Microcomposants, au pays des horlogers.<\/p>\n","protected":false},"author":12,"featured_media":16788,"parent":0,"menu_order":10,"comment_status":"closed","ping_status":"closed","template":"","meta":{"_seopress_robots_primary_cat":"","_seopress_titles_title":"%%sitename%% %%sep%% %%tagline%%","_seopress_titles_desc":"","_seopress_robots_index":"","footnotes":""},"class_list":["post-16986","page","type-page","status-publish","has-post-thumbnail","czr-hentry"],"_links":{"self":[{"href":"https:\/\/diamaze.com\/fr\/wp-json\/wp\/v2\/pages\/16986","targetHints":{"allow":["GET"]}}],"collection":[{"href":"https:\/\/diamaze.com\/fr\/wp-json\/wp\/v2\/pages"}],"about":[{"href":"https:\/\/diamaze.com\/fr\/wp-json\/wp\/v2\/types\/page"}],"author":[{"embeddable":true,"href":"https:\/\/diamaze.com\/fr\/wp-json\/wp\/v2\/users\/12"}],"replies":[{"embeddable":true,"href":"https:\/\/diamaze.com\/fr\/wp-json\/wp\/v2\/comments?post=16986"}],"version-history":[{"count":10,"href":"https:\/\/diamaze.com\/fr\/wp-json\/wp\/v2\/pages\/16986\/revisions"}],"predecessor-version":[{"id":18164,"href":"https:\/\/diamaze.com\/fr\/wp-json\/wp\/v2\/pages\/16986\/revisions\/18164"}],"wp:featuredmedia":[{"embeddable":true,"href":"https:\/\/diamaze.com\/fr\/wp-json\/wp\/v2\/media\/16788"}],"wp:attachment":[{"href":"https:\/\/diamaze.com\/fr\/wp-json\/wp\/v2\/media?parent=16986"}],"curies":[{"name":"wp","href":"https:\/\/api.w.org\/{rel}","templated":true}]}}